{"id":1346,"date":"2021-05-12T14:13:34","date_gmt":"2021-05-12T14:13:34","guid":{"rendered":"https:\/\/coolexplorers.com\/?post_type=product&#038;p=1346"},"modified":"2026-03-17T10:52:29","modified_gmt":"2026-03-17T10:52:29","slug":"sintra-cascais","status":"publish","type":"product","link":"https:\/\/coolexplorers.com\/pt\/tours\/sintra-cascais\/","title":{"rendered":"Sintra - Cascais"},"content":{"rendered":"","protected":false},"excerpt":{"rendered":"<p>Este passeio come\u00e7a numa maravilhosa estrada costeira a caminho de Cascais. Durante o dia teremos paragens obrigat\u00f3rias nos pontos mais altos e emblem\u00e1ticos como o Cabo da Roca, a Praia do Guincho, as Azenhas do Mar, o magn\u00edfico Pal\u00e1cio da Pena, a rom\u00e2ntica vila de Sintra, entre outros.<\/p>\n<p>Um dia memor\u00e1vel passado connosco a bordo do nosso Land Rover Defender em caminhos off-road que nenhum outro turista consegue alcan\u00e7ar.<\/p>\n<a href=\"https:\/\/coolexplorers.com\/en\/sintra-cascais\/\" target=\"_self\" class=\"button primary is-primary is-small\"  >\n    <span>Ver detalhes<\/span>\n  <\/a>","protected":false},"featured_media":1564,"template":"","meta":[],"product_cat":[19],"product_tag":[21,20],"supplier_id":null,"supplier_sku":"","barcode":null,"atum_controlled":true,"out_stock_date":null,"out_stock_threshold":null,"inheritable":true,"inbound_stock":0,"stock_on_hold":0,"sold_today":0,"sales_last_days":0,"reserved_stock":0,"customer_returns":0,"warehouse_damage":0,"lost_in_post":0,"other_logs":0,"out_stock_days":0,"lost_sales":0,"has_location":false,"update_date":"2026-04-10T00:25:27","atum_locations":[],"atum_stock_status":"instock","restock_status":false,"low_stock_amount":1,"sales_update_date":"2026-04-10T00:25:27","calc_backorders":null,"yoast_head":"<!-- This site is optimized with the Yoast SEO plugin v21.3 - https:\/\/yoast.com\/wordpress\/plugins\/seo\/ -->\n<title>Sintra - Cascais - Cool Explorers Portugal<\/title>\n<meta name=\"description\" content=\"Visit Sintra, capital of romanticism. A memorable day discovering the Most Amazing Landscapes, Unique Nature, Royal Palaces, and Castles.\" \/>\n<meta name=\"robots\" content=\"index, follow, max-snippet:-1, max-image-preview:large, max-video-preview:-1\" \/>\n<link rel=\"canonical\" href=\"https:\/\/coolexplorers.com\/pt\/tours\/sintra-cascais\/\" \/>\n<meta property=\"og:locale\" content=\"pt_PT\" \/>\n<meta property=\"og:type\" content=\"article\" \/>\n<meta property=\"og:title\" content=\"Sintra - Cascais - Cool Explorers Portugal\" \/>\n<meta property=\"og:description\" content=\"Visit Sintra, capital of romanticism. A memorable day discovering the Most Amazing Landscapes, Unique Nature, Royal Palaces, and Castles.\" \/>\n<meta property=\"og:url\" content=\"https:\/\/coolexplorers.com\/pt\/tours\/sintra-cascais\/\" \/>\n<meta property=\"og:site_name\" content=\"Cool Explorers Portugal\" \/>\n<meta property=\"article:modified_time\" content=\"2026-03-17T10:52:29+00:00\" \/>\n<meta property=\"og:image\" content=\"https:\/\/coolexplorers.com\/wp-content\/uploads\/2021\/05\/Sintra-1.jpg\" \/>\n\t<meta property=\"og:image:width\" content=\"1366\" \/>\n\t<meta property=\"og:image:height\" content=\"1245\" \/>\n\t<meta property=\"og:image:type\" content=\"image\/jpeg\" \/>\n<meta name=\"twitter:card\" content=\"summary_large_image\" \/>\n<script type=\"application\/ld+json\" class=\"yoast-schema-graph\">{\"@context\":\"https:\/\/schema.org\",\"@graph\":[{\"@type\":\"WebPage\",\"@id\":\"https:\/\/coolexplorers.com\/tours\/sintra-cascais\/\",\"url\":\"https:\/\/coolexplorers.com\/tours\/sintra-cascais\/\",\"name\":\"Sintra - Cascais - Cool Explorers Portugal\",\"isPartOf\":{\"@id\":\"https:\/\/coolexplorers.com\/pt\/#website\"},\"datePublished\":\"2021-05-12T14:13:34+00:00\",\"dateModified\":\"2026-03-17T10:52:29+00:00\",\"description\":\"Visit Sintra, capital of romanticism. A memorable day discovering the Most Amazing Landscapes, Unique Nature, Royal Palaces, and Castles.\",\"breadcrumb\":{\"@id\":\"https:\/\/coolexplorers.com\/tours\/sintra-cascais\/#breadcrumb\"},\"inLanguage\":\"pt-PT\",\"potentialAction\":[{\"@type\":\"ReadAction\",\"target\":[\"https:\/\/coolexplorers.com\/tours\/sintra-cascais\/\"]}]},{\"@type\":\"BreadcrumbList\",\"@id\":\"https:\/\/coolexplorers.com\/tours\/sintra-cascais\/#breadcrumb\",\"itemListElement\":[{\"@type\":\"ListItem\",\"position\":1,\"name\":\"Home\",\"item\":\"https:\/\/coolexplorers.com\/\"},{\"@type\":\"ListItem\",\"position\":2,\"name\":\"Shop\",\"item\":\"https:\/\/coolexplorers.com\/shop\/\"},{\"@type\":\"ListItem\",\"position\":3,\"name\":\"Sintra &#8211; Cascais\"}]},{\"@type\":\"WebSite\",\"@id\":\"https:\/\/coolexplorers.com\/pt\/#website\",\"url\":\"https:\/\/coolexplorers.com\/pt\/\",\"name\":\"Cool Explorers Portugal\",\"description\":\"Welcome to Portugal\u2019s #1 Tour Company\",\"publisher\":{\"@id\":\"https:\/\/coolexplorers.com\/pt\/#\/schema\/person\/539db40168aa4cadff4e057d280f1519\"},\"potentialAction\":[{\"@type\":\"SearchAction\",\"target\":{\"@type\":\"EntryPoint\",\"urlTemplate\":\"https:\/\/coolexplorers.com\/pt\/?s={search_term_string}\"},\"query-input\":\"required name=search_term_string\"}],\"inLanguage\":\"pt-PT\"},{\"@type\":[\"Person\",\"Organization\"],\"@id\":\"https:\/\/coolexplorers.com\/pt\/#\/schema\/person\/539db40168aa4cadff4e057d280f1519\",\"name\":\"coolexplorers\",\"image\":{\"@type\":\"ImageObject\",\"inLanguage\":\"pt-PT\",\"@id\":\"https:\/\/coolexplorers.com\/pt\/#\/schema\/person\/image\/\",\"url\":\"https:\/\/coolexplorers.com\/wp-content\/uploads\/2021\/03\/cropped-Endless-Tours-Official-Logo-Smaller-Size-e1615812658859.png\",\"contentUrl\":\"https:\/\/coolexplorers.com\/wp-content\/uploads\/2021\/03\/cropped-Endless-Tours-Official-Logo-Smaller-Size-e1615812658859.png\",\"width\":512,\"height\":512,\"caption\":\"coolexplorers\"},\"logo\":{\"@id\":\"https:\/\/coolexplorers.com\/pt\/#\/schema\/person\/image\/\"},\"sameAs\":[\"https:\/\/coolexplorers.com\"]}]}<\/script>\n<!-- \/ Yoast SEO plugin. -->","yoast_head_json":{"title":"Sintra - Cascais - Cool Explorers Portugal","description":"Visit Sintra, capital of romanticism. A memorable day discovering the Most Amazing Landscapes, Unique Nature, Royal Palaces, and Castles.","robots":{"index":"index","follow":"follow","max-snippet":"max-snippet:-1","max-image-preview":"max-image-preview:large","max-video-preview":"max-video-preview:-1"},"canonical":"https:\/\/coolexplorers.com\/pt\/tours\/sintra-cascais\/","og_locale":"pt_PT","og_type":"article","og_title":"Sintra - Cascais - Cool Explorers Portugal","og_description":"Visit Sintra, capital of romanticism. A memorable day discovering the Most Amazing Landscapes, Unique Nature, Royal Palaces, and Castles.","og_url":"https:\/\/coolexplorers.com\/pt\/tours\/sintra-cascais\/","og_site_name":"Cool Explorers Portugal","article_modified_time":"2026-03-17T10:52:29+00:00","og_image":[{"width":1366,"height":1245,"url":"https:\/\/coolexplorers.com\/wp-content\/uploads\/2021\/05\/Sintra-1.jpg","type":"image\/jpeg"}],"twitter_card":"summary_large_image","schema":{"@context":"https:\/\/schema.org","@graph":[{"@type":"WebPage","@id":"https:\/\/coolexplorers.com\/tours\/sintra-cascais\/","url":"https:\/\/coolexplorers.com\/tours\/sintra-cascais\/","name":"Sintra - Cascais - Cool Explorers Portugal","isPartOf":{"@id":"https:\/\/coolexplorers.com\/pt\/#website"},"datePublished":"2021-05-12T14:13:34+00:00","dateModified":"2026-03-17T10:52:29+00:00","description":"Visit Sintra, capital of romanticism. A memorable day discovering the Most Amazing Landscapes, Unique Nature, Royal Palaces, and Castles.","breadcrumb":{"@id":"https:\/\/coolexplorers.com\/tours\/sintra-cascais\/#breadcrumb"},"inLanguage":"pt-PT","potentialAction":[{"@type":"ReadAction","target":["https:\/\/coolexplorers.com\/tours\/sintra-cascais\/"]}]},{"@type":"BreadcrumbList","@id":"https:\/\/coolexplorers.com\/tours\/sintra-cascais\/#breadcrumb","itemListElement":[{"@type":"ListItem","position":1,"name":"Home","item":"https:\/\/coolexplorers.com\/"},{"@type":"ListItem","position":2,"name":"Shop","item":"https:\/\/coolexplorers.com\/shop\/"},{"@type":"ListItem","position":3,"name":"Sintra &#8211; Cascais"}]},{"@type":"WebSite","@id":"https:\/\/coolexplorers.com\/pt\/#website","url":"https:\/\/coolexplorers.com\/pt\/","name":"Cool Explorers Portugal","description":"Welcome to Portugal\u2019s #1 Tour Company","publisher":{"@id":"https:\/\/coolexplorers.com\/pt\/#\/schema\/person\/539db40168aa4cadff4e057d280f1519"},"potentialAction":[{"@type":"SearchAction","target":{"@type":"EntryPoint","urlTemplate":"https:\/\/coolexplorers.com\/pt\/?s={search_term_string}"},"query-input":"required name=search_term_string"}],"inLanguage":"pt-PT"},{"@type":["Person","Organization"],"@id":"https:\/\/coolexplorers.com\/pt\/#\/schema\/person\/539db40168aa4cadff4e057d280f1519","name":"coolexplorers","image":{"@type":"ImageObject","inLanguage":"pt-PT","@id":"https:\/\/coolexplorers.com\/pt\/#\/schema\/person\/image\/","url":"https:\/\/coolexplorers.com\/wp-content\/uploads\/2021\/03\/cropped-Endless-Tours-Official-Logo-Smaller-Size-e1615812658859.png","contentUrl":"https:\/\/coolexplorers.com\/wp-content\/uploads\/2021\/03\/cropped-Endless-Tours-Official-Logo-Smaller-Size-e1615812658859.png","width":512,"height":512,"caption":"coolexplorers"},"logo":{"@id":"https:\/\/coolexplorers.com\/pt\/#\/schema\/person\/image\/"},"sameAs":["https:\/\/coolexplorers.com"]}]}},"_links":{"self":[{"href":"https:\/\/coolexplorers.com\/pt\/wp-json\/wp\/v2\/product\/1346"}],"collection":[{"href":"https:\/\/coolexplorers.com\/pt\/wp-json\/wp\/v2\/product"}],"about":[{"href":"https:\/\/coolexplorers.com\/pt\/wp-json\/wp\/v2\/types\/product"}],"wp:featuredmedia":[{"embeddable":true,"href":"https:\/\/coolexplorers.com\/pt\/wp-json\/wp\/v2\/media\/1564"}],"wp:attachment":[{"href":"https:\/\/coolexplorers.com\/pt\/wp-json\/wp\/v2\/media?parent=1346"}],"wp:term":[{"taxonomy":"product_cat","embeddable":true,"href":"https:\/\/coolexplorers.com\/pt\/wp-json\/wp\/v2\/product_cat?post=1346"},{"taxonomy":"product_tag","embeddable":true,"href":"https:\/\/coolexplorers.com\/pt\/wp-json\/wp\/v2\/product_tag?post=1346"}],"curies":[{"name":"wp","href":"https:\/\/api.w.org\/{rel}","templated":true}]}}