{"id":429,"date":"2021-03-22T15:31:42","date_gmt":"2021-03-22T15:31:42","guid":{"rendered":"https:\/\/coolexplorers.com\/disclaimer\/"},"modified":"2021-08-24T14:45:48","modified_gmt":"2021-08-24T14:45:48","slug":"disclaimer","status":"publish","type":"page","link":"https:\/\/coolexplorers.com\/pt\/disclaimer\/","title":{"rendered":"Isen\u00e7\u00e3o de responsabilidade"},"content":{"rendered":"<!-- Legal document generated by Complianz | GDPR\/CCPA Cookie Consent https:\/\/wordpress.org\/plugins\/complianz-gdpr -->\n<div id=\"cmplz-document\" class=\"cmplz-document disclaimer cmplz-document-all\"><p>Afonso Pereira tem o compromisso de manter este site atualizado e preciso. Se, no entanto, encontrar algo que esteja incorreto ou desatualizado, agradecer\u00edamos nos informar. Indique onde leu as informa\u00e7\u00f5es no site. Em seguida, examinaremos o mais r\u00e1pido poss\u00edvel. Envie sua resposta por e-mail para: <span class=\"cmplz-obfuscate\">mo&#099;&#046;s&#x72;ero&#x6c;p&#x78;&#x65;l&#x6f;o&#x63;&#064;olleh<\/span>.<\/p><p>N\u00e3o nos responsabilizamos por perdas resultantes de imprecis\u00f5es ou informa\u00e7\u00f5es incompletas, nem por perdas causadas por ou inerentes \u00e0 divulga\u00e7\u00e3o de informa\u00e7\u00f5es pela internet, como perturba\u00e7\u00f5es ou interrup\u00e7\u00f5es. Ao usar formul\u00e1rios da web, nos esfor\u00e7amos para limitar ao m\u00ednimo o n\u00famero de campos obrigat\u00f3rios. Por qualquer perda sofrida como resultado do uso de dados, conselhos ou ideias fornecidas por ou em nome de Afonso Pereira atrav\u00e9s deste site, Afonso Pereira n\u00e3o se responsabiliza.<\/p><p>O uso do site e de todos os seus componentes (incluindo f\u00f3runs) est\u00e1 sujeito aos <a href=\"https:\/\/coolexplorers.com\/pt\/terms\/\" target=\"_blank\">termos de uso<\/a>. A simples utiliza\u00e7\u00e3o deste site n\u00e3o implica conhecimento e permite estes termos de uso.<\/p><p>Quaisquer dados pessoais que nos forne\u00e7am no contexto de sua resposta ou solicita\u00e7\u00e3o de informa\u00e7\u00f5es ser\u00e3o usados apenas de acordo com nossa declara\u00e7\u00e3o de privacidade.<\/p><p>Afonso Pereira far\u00e1 todos os esfor\u00e7os especiais para proteger os seus sistemas contra qualquer forma de uso ilegal. Afonso Pereira deve implementar medidas t\u00e9cnicas e organizacionais espec\u00edficas para esse fim, levando em considera\u00e7\u00e3o, entre outras coisas, as melhores tecnologias dispon\u00edveis (estado da arte). No entanto, n\u00e3o ser\u00e1 respons\u00e1vel por qualquer perda, direta e\/ou indireta, sofrida por um usu\u00e1rio do site que resulte do uso ilegal de seus sistemas por terceiros.<\/p><p>Afonso Pereira n\u00e3o se responsabiliza pelo conte\u00fado dos sites para os quais ou a partir dos quais um link ou outra refer\u00eancia \u00e9 feita. Os produtos ou servi\u00e7os oferecidos por terceiros est\u00e3o sujeitos aos termos e condi\u00e7\u00f5es aplic\u00e1veis a esses terceiros.<\/p><p>Todos os direitos de propriedade intelectual do conte\u00fado deste site pertencem a Afonso Pereira.<\/p><p>A c\u00f3pia, propaga\u00e7\u00e3o e qualquer outro uso desses materiais n\u00e3o s\u00e3o permitidos sem a permiss\u00e3o por escrito de Afonso Pereira, exceto e apenas na medida em que estipulado de outra forma nos regulamentos da lei obrigat\u00f3ria (como o direito de citar), a menos que o conte\u00fado espec\u00edfico dite o contr\u00e1rio.<\/p><p>Se voc\u00ea tiver d\u00favidas ou problemas com a acessibilidade do site, n\u00e3o hesite em nos contatar.<\/p><\/div>","protected":false},"excerpt":{"rendered":"","protected":false},"author":2,"featured_media":2114,"parent":0,"menu_order":0,"comment_status":"closed","ping_status":"closed","template":"","meta":{"footnotes":""},"yoast_head":"<!-- This site is optimized with the Yoast SEO plugin v21.3 - https:\/\/yoast.com\/wordpress\/plugins\/seo\/ -->\n<title>Disclaimer - Cool Explorers Portugal<\/title>\n<meta name=\"description\" content=\"We\u2019re on the mission of providing unique experiences and making each customer fall in love with Portugal. See our Disclaimer.\" \/>\n<meta name=\"robots\" content=\"index, follow, max-snippet:-1, max-image-preview:large, max-video-preview:-1\" \/>\n<link rel=\"canonical\" href=\"https:\/\/coolexplorers.com\/pt\/disclaimer\/\" \/>\n<meta property=\"og:locale\" content=\"pt_PT\" \/>\n<meta property=\"og:type\" content=\"article\" \/>\n<meta property=\"og:title\" content=\"Disclaimer - Cool Explorers Portugal\" \/>\n<meta property=\"og:description\" content=\"We\u2019re on the mission of providing unique experiences and making each customer fall in love with Portugal. See our Disclaimer.\" \/>\n<meta property=\"og:url\" content=\"https:\/\/coolexplorers.com\/pt\/disclaimer\/\" \/>\n<meta property=\"og:site_name\" content=\"Cool Explorers Portugal\" \/>\n<meta property=\"article:modified_time\" content=\"2021-08-24T14:45:48+00:00\" \/>\n<meta property=\"og:image\" content=\"https:\/\/coolexplorers.com\/wp-content\/uploads\/2021\/08\/cropped-cep-logo.png\" \/>\n\t<meta property=\"og:image:width\" content=\"512\" \/>\n\t<meta property=\"og:image:height\" content=\"512\" \/>\n\t<meta property=\"og:image:type\" content=\"image\/png\" \/>\n<meta name=\"twitter:card\" content=\"summary_large_image\" \/>\n<script type=\"application\/ld+json\" class=\"yoast-schema-graph\">{\"@context\":\"https:\/\/schema.org\",\"@graph\":[{\"@type\":\"WebPage\",\"@id\":\"https:\/\/coolexplorers.com\/disclaimer\/\",\"url\":\"https:\/\/coolexplorers.com\/disclaimer\/\",\"name\":\"Disclaimer - Cool Explorers Portugal\",\"isPartOf\":{\"@id\":\"https:\/\/coolexplorers.com\/pt\/#website\"},\"datePublished\":\"2021-03-22T15:31:42+00:00\",\"dateModified\":\"2021-08-24T14:45:48+00:00\",\"description\":\"We\u2019re on the mission of providing unique experiences and making each customer fall in love with Portugal. See our Disclaimer.\",\"breadcrumb\":{\"@id\":\"https:\/\/coolexplorers.com\/disclaimer\/#breadcrumb\"},\"inLanguage\":\"pt-PT\",\"potentialAction\":[{\"@type\":\"ReadAction\",\"target\":[\"https:\/\/coolexplorers.com\/disclaimer\/\"]}]},{\"@type\":\"BreadcrumbList\",\"@id\":\"https:\/\/coolexplorers.com\/disclaimer\/#breadcrumb\",\"itemListElement\":[{\"@type\":\"ListItem\",\"position\":1,\"name\":\"Home\",\"item\":\"https:\/\/coolexplorers.com\/\"},{\"@type\":\"ListItem\",\"position\":2,\"name\":\"Disclaimer\"}]},{\"@type\":\"WebSite\",\"@id\":\"https:\/\/coolexplorers.com\/pt\/#website\",\"url\":\"https:\/\/coolexplorers.com\/pt\/\",\"name\":\"Cool Explorers Portugal\",\"description\":\"Welcome to Portugal\u2019s #1 Tour Company\",\"publisher\":{\"@id\":\"https:\/\/coolexplorers.com\/pt\/#\/schema\/person\/539db40168aa4cadff4e057d280f1519\"},\"potentialAction\":[{\"@type\":\"SearchAction\",\"target\":{\"@type\":\"EntryPoint\",\"urlTemplate\":\"https:\/\/coolexplorers.com\/pt\/?s={search_term_string}\"},\"query-input\":\"required name=search_term_string\"}],\"inLanguage\":\"pt-PT\"},{\"@type\":[\"Person\",\"Organization\"],\"@id\":\"https:\/\/coolexplorers.com\/pt\/#\/schema\/person\/539db40168aa4cadff4e057d280f1519\",\"name\":\"coolexplorers\",\"image\":{\"@type\":\"ImageObject\",\"inLanguage\":\"pt-PT\",\"@id\":\"https:\/\/coolexplorers.com\/pt\/#\/schema\/person\/image\/\",\"url\":\"https:\/\/coolexplorers.com\/wp-content\/uploads\/2021\/03\/cropped-Endless-Tours-Official-Logo-Smaller-Size-e1615812658859.png\",\"contentUrl\":\"https:\/\/coolexplorers.com\/wp-content\/uploads\/2021\/03\/cropped-Endless-Tours-Official-Logo-Smaller-Size-e1615812658859.png\",\"width\":512,\"height\":512,\"caption\":\"coolexplorers\"},\"logo\":{\"@id\":\"https:\/\/coolexplorers.com\/pt\/#\/schema\/person\/image\/\"},\"sameAs\":[\"https:\/\/coolexplorers.com\"]}]}<\/script>\n<!-- \/ Yoast SEO plugin. -->","yoast_head_json":{"title":"Disclaimer - Cool Explorers Portugal","description":"We\u2019re on the mission of providing unique experiences and making each customer fall in love with Portugal. See our Disclaimer.","robots":{"index":"index","follow":"follow","max-snippet":"max-snippet:-1","max-image-preview":"max-image-preview:large","max-video-preview":"max-video-preview:-1"},"canonical":"https:\/\/coolexplorers.com\/pt\/disclaimer\/","og_locale":"pt_PT","og_type":"article","og_title":"Disclaimer - Cool Explorers Portugal","og_description":"We\u2019re on the mission of providing unique experiences and making each customer fall in love with Portugal. See our Disclaimer.","og_url":"https:\/\/coolexplorers.com\/pt\/disclaimer\/","og_site_name":"Cool Explorers Portugal","article_modified_time":"2021-08-24T14:45:48+00:00","og_image":[{"width":512,"height":512,"url":"https:\/\/coolexplorers.com\/wp-content\/uploads\/2021\/08\/cropped-cep-logo.png","type":"image\/png"}],"twitter_card":"summary_large_image","schema":{"@context":"https:\/\/schema.org","@graph":[{"@type":"WebPage","@id":"https:\/\/coolexplorers.com\/disclaimer\/","url":"https:\/\/coolexplorers.com\/disclaimer\/","name":"Disclaimer - Cool Explorers Portugal","isPartOf":{"@id":"https:\/\/coolexplorers.com\/pt\/#website"},"datePublished":"2021-03-22T15:31:42+00:00","dateModified":"2021-08-24T14:45:48+00:00","description":"We\u2019re on the mission of providing unique experiences and making each customer fall in love with Portugal. See our Disclaimer.","breadcrumb":{"@id":"https:\/\/coolexplorers.com\/disclaimer\/#breadcrumb"},"inLanguage":"pt-PT","potentialAction":[{"@type":"ReadAction","target":["https:\/\/coolexplorers.com\/disclaimer\/"]}]},{"@type":"BreadcrumbList","@id":"https:\/\/coolexplorers.com\/disclaimer\/#breadcrumb","itemListElement":[{"@type":"ListItem","position":1,"name":"Home","item":"https:\/\/coolexplorers.com\/"},{"@type":"ListItem","position":2,"name":"Disclaimer"}]},{"@type":"WebSite","@id":"https:\/\/coolexplorers.com\/pt\/#website","url":"https:\/\/coolexplorers.com\/pt\/","name":"Cool Explorers Portugal","description":"Welcome to Portugal\u2019s #1 Tour Company","publisher":{"@id":"https:\/\/coolexplorers.com\/pt\/#\/schema\/person\/539db40168aa4cadff4e057d280f1519"},"potentialAction":[{"@type":"SearchAction","target":{"@type":"EntryPoint","urlTemplate":"https:\/\/coolexplorers.com\/pt\/?s={search_term_string}"},"query-input":"required name=search_term_string"}],"inLanguage":"pt-PT"},{"@type":["Person","Organization"],"@id":"https:\/\/coolexplorers.com\/pt\/#\/schema\/person\/539db40168aa4cadff4e057d280f1519","name":"coolexplorers","image":{"@type":"ImageObject","inLanguage":"pt-PT","@id":"https:\/\/coolexplorers.com\/pt\/#\/schema\/person\/image\/","url":"https:\/\/coolexplorers.com\/wp-content\/uploads\/2021\/03\/cropped-Endless-Tours-Official-Logo-Smaller-Size-e1615812658859.png","contentUrl":"https:\/\/coolexplorers.com\/wp-content\/uploads\/2021\/03\/cropped-Endless-Tours-Official-Logo-Smaller-Size-e1615812658859.png","width":512,"height":512,"caption":"coolexplorers"},"logo":{"@id":"https:\/\/coolexplorers.com\/pt\/#\/schema\/person\/image\/"},"sameAs":["https:\/\/coolexplorers.com"]}]}},"_links":{"self":[{"href":"https:\/\/coolexplorers.com\/pt\/wp-json\/wp\/v2\/pages\/429"}],"collection":[{"href":"https:\/\/coolexplorers.com\/pt\/wp-json\/wp\/v2\/pages"}],"about":[{"href":"https:\/\/coolexplorers.com\/pt\/wp-json\/wp\/v2\/types\/page"}],"author":[{"embeddable":true,"href":"https:\/\/coolexplorers.com\/pt\/wp-json\/wp\/v2\/users\/2"}],"replies":[{"embeddable":true,"href":"https:\/\/coolexplorers.com\/pt\/wp-json\/wp\/v2\/comments?post=429"}],"version-history":[{"count":1,"href":"https:\/\/coolexplorers.com\/pt\/wp-json\/wp\/v2\/pages\/429\/revisions"}],"predecessor-version":[{"id":2182,"href":"https:\/\/coolexplorers.com\/pt\/wp-json\/wp\/v2\/pages\/429\/revisions\/2182"}],"wp:featuredmedia":[{"embeddable":true,"href":"https:\/\/coolexplorers.com\/pt\/wp-json\/wp\/v2\/media\/2114"}],"wp:attachment":[{"href":"https:\/\/coolexplorers.com\/pt\/wp-json\/wp\/v2\/media?parent=429"}],"curies":[{"name":"wp","href":"https:\/\/api.w.org\/{rel}","templated":true}]}}