{"id":331,"date":"2021-03-19T17:17:41","date_gmt":"2021-03-19T17:17:41","guid":{"rendered":"https:\/\/coolexplorers.com\/?page_id=331"},"modified":"2021-08-30T15:10:34","modified_gmt":"2021-08-30T15:10:34","slug":"contact","status":"publish","type":"page","link":"https:\/\/coolexplorers.com\/pt\/contact\/","title":{"rendered":"Contatos"},"content":{"rendered":"[ninja_form id = &#039;2 \u2032]\n\t<section class=\"section dark\" id=\"section_1134156236\">\n\t\t<div class=\"bg section-bg fill bg-fill  bg-loaded\" >\n\n\t\t\t\n\t\t\t<div class=\"section-bg-overlay absolute fill\"><\/div>\n\t\t\t\n\n\t\t<\/div>\n\n\t\t\n\n\t\t<div class=\"section-content relative\">\n\t\t\t\n\n<div class=\"row\"  id=\"row-1925485577\">\n\n\n\t<div id=\"col-181704754\" class=\"col small-12 large-12\"  >\n\t\t\t\t<div class=\"col-inner text-center\"  >\n\t\t\t\n\t\t\t\n\n\t<div id=\"gap-669828922\" class=\"gap-element clearfix\" style=\"display:block; height:auto;\">\n\t\t\n<style>\n#gap-669828922 {\n  padding-top: 30px;\n}\n<\/style>\n\t<\/div>\n\t\n\n\t<div id=\"text-2778615691\" class=\"text\">\n\t\t\n\n<h1>ENVIE-NOS UMA MENSAGEM<\/h1>\n\t\t\n<style>\n#text-2778615691 {\n  font-size: 1rem;\n}\n@media (min-width:550px) {\n  #text-2778615691 {\n    font-size: 1.25rem;\n  }\n}\n<\/style>\n\t<\/div>\n\t\n\n\t\t<\/div>\n\t\t\t\t\n<style>\n#col-181704754 > .col-inner {\n  padding: 20px 0px 0px 0px;\n}\n<\/style>\n\t<\/div>\n\n\t\n\n<\/div>\n\n\t\t<\/div>\n\n\t\t\n<style>\n#section_1134156236 {\n  padding-top: 100px;\n  padding-bottom: 100px;\n  background-color: #282828;\n}\n#section_1134156236 .section-bg-overlay {\n  background-color: rgba(0,0,0,.5);\n}\n@media (min-width:850px) {\n  #section_1134156236 .section-bg-overlay {\n    background-color: rgba(0,0,0,.5);\n  }\n}\n<\/style>\n\t<\/section>\n\t\n\t<section class=\"section\" id=\"section_796695263\">\n\t\t<div class=\"bg section-bg fill bg-fill  bg-loaded\" >\n\n\t\t\t\n\t\t\t\n\t\t\t\n\n\t\t<\/div>\n\n\t\t\n\n\t\t<div class=\"section-content relative\">\n\t\t\t\n\n<div class=\"row\"  id=\"row-1448761553\">\n\n\n\t<div id=\"col-1393576076\" class=\"col small-12 large-12\"  >\n\t\t\t\t<div class=\"col-inner\"  >\n\t\t\t\n\t\t\t\n\n<div class=\"row align-equal\"  id=\"row-860684826\">\n\n\n\t<div id=\"col-805730688\" class=\"col medium-6 small-12 large-6\"  >\n\t\t\t\t<div class=\"col-inner text-center\"  >\n\t\t\t\n\t\t\t\n\n\n\t\t<div class=\"icon-box featured-box icon-box-center text-center\"  >\n\t\t\t\t\t<div class=\"icon-box-img\" style=\"width: 60px\">\n\t\t\t\t<div class=\"icon\">\n\t\t\t\t\t<div class=\"icon-inner\" >\n\t\t\t\t\t\t<img width=\"300\" height=\"300\" src=\"https:\/\/coolexplorers.com\/wp-content\/uploads\/2021\/03\/whatsapp-300x300.png\" class=\"attachment-medium size-medium\" alt=\"whatsapp\" decoding=\"async\" srcset=\"https:\/\/coolexplorers.com\/wp-content\/uploads\/2021\/03\/whatsapp-300x300.png 300w, https:\/\/coolexplorers.com\/wp-content\/uploads\/2021\/03\/whatsapp-100x100.png 100w, https:\/\/coolexplorers.com\/wp-content\/uploads\/2021\/03\/whatsapp-150x150.png 150w, https:\/\/coolexplorers.com\/wp-content\/uploads\/2021\/03\/whatsapp.png 512w\" sizes=\"(max-width: 300px) 100vw, 300px\" \/>\t\t\t\t\t<\/div>\n\t\t\t\t<\/div>\n\t\t\t<\/div>\n\t\t\t\t<div class=\"icon-box-text last-reset\">\n\t\t\t\t\t\t\t\t\t\n\n<h2>Whatsapp Us<\/h2>\n<p>Estamos aqui quase todos os dias para responder \u00e0s suas perguntas e dar conselhos. Entraremos em contato consigo o mais breve poss\u00edvel.<\/p>\n\t<div id=\"gap-462655405\" class=\"gap-element clearfix\" style=\"display:block; height:auto;\">\n\t\t\n<style>\n#gap-462655405 {\n  padding-top: 20px;\n}\n<\/style>\n\t<\/div>\n\t\n\n<a href=\"https:\/\/wa.me\/00351912453676\" target=\"_self\" class=\"button success is-small\"  style=\"border-radius:5px;\">\n    <span>Conversar Agora<\/span>\n  <\/a>\n\n\n\n\t\t<\/div>\n\t<\/div>\n\t\n\t\n\n\t\t<\/div>\n\t\t\t\t\n<style>\n#col-805730688 > .col-inner {\n  border-radius: 20px;\n}\n<\/style>\n\t<\/div>\n\n\t\n\n\t<div id=\"col-901634312\" class=\"col medium-6 small-12 large-6\"  >\n\t\t\t\t<div class=\"col-inner text-center\"  >\n\t\t\t\n\t\t\t\n\n\n\t\t<div class=\"icon-box featured-box icon-box-center text-center\"  >\n\t\t\t\t\t<div class=\"icon-box-img\" style=\"width: 60px\">\n\t\t\t\t<div class=\"icon\">\n\t\t\t\t\t<div class=\"icon-inner\" >\n\t\t\t\t\t\t<img width=\"300\" height=\"300\" src=\"https:\/\/coolexplorers.com\/wp-content\/uploads\/2021\/03\/communications-300x300.png\" class=\"attachment-medium size-medium\" alt=\"\" decoding=\"async\" srcset=\"https:\/\/coolexplorers.com\/wp-content\/uploads\/2021\/03\/communications-300x300.png 300w, https:\/\/coolexplorers.com\/wp-content\/uploads\/2021\/03\/communications-100x100.png 100w, https:\/\/coolexplorers.com\/wp-content\/uploads\/2021\/03\/communications-150x150.png 150w, https:\/\/coolexplorers.com\/wp-content\/uploads\/2021\/03\/communications.png 512w\" sizes=\"(max-width: 300px) 100vw, 300px\" \/>\t\t\t\t\t<\/div>\n\t\t\t\t<\/div>\n\t\t\t<\/div>\n\t\t\t\t<div class=\"icon-box-text last-reset\">\n\t\t\t\t\t\t\t\t\t\n\n<h2>Tem perguntas em mente?<\/h2>\n<p>Certifique-se de ler nossa p\u00e1gina de perguntas frequentes, que pode responder a todas as suas perguntas.<\/p>\n\t<div id=\"gap-730685185\" class=\"gap-element clearfix\" style=\"display:block; height:auto;\">\n\t\t\n<style>\n#gap-730685185 {\n  padding-top: 20px;\n}\n<\/style>\n\t<\/div>\n\t\n\n\n\t\t<\/div>\n\t<\/div>\n\t\n\t\n<a href=\"https:\/\/coolexplorers.com\/pt\/faq\/\" target=\"_self\" class=\"button success is-small\"  style=\"border-radius:5px;\">\n    <span>CENTRO DE AJUDA<\/span>\n  <\/a>\n\n\n\n\t\t<\/div>\n\t\t\t\t\n<style>\n#col-901634312 > .col-inner {\n  border-radius: 20px;\n}\n<\/style>\n\t<\/div>\n\n\t\n\n\t<div id=\"col-677043045\" class=\"col small-12 large-12\"  >\n\t\t\t\t<div class=\"col-inner text-center\" style=\"background-color:rgb(255,255,255);\" >\n\t\t\t\n\t\t\t\n\n<div class=\"row align-center\"  id=\"row-875982519\">\n\n\n\t<div id=\"col-510704441\" class=\"col medium-11 small-12 large-9\"  >\n\t\t\t\t<div class=\"col-inner text-left\"  >\n\t\t\t\n\t\t\t\n\n\n<div class=\"wpcf7 no-js\" id=\"wpcf7-f2142-o1\" lang=\"en-GB\" dir=\"ltr\">\n<div class=\"screen-reader-response\"><p role=\"status\" aria-live=\"polite\" aria-atomic=\"true\"><\/p> <ul><\/ul><\/div>\n<form action=\"\/pt\/wp-json\/wp\/v2\/pages\/331#wpcf7-f2142-o1\" method=\"post\" class=\"wpcf7-form init wpcf7-acceptance-as-validation\" aria-label=\"Formul\u00e1rio de Contato\" novalidate=\"novalidate\" data-status=\"init\" data-trp-original-action=\"\/pt\/wp-json\/wp\/v2\/pages\/331#wpcf7-f2142-o1\">\n<div style=\"display: none;\">\n<input type=\"hidden\" name=\"_wpcf7\" value=\"2142\" \/>\n<input type=\"hidden\" name=\"_wpcf7_version\" value=\"5.8.1\" \/>\n<input type=\"hidden\" name=\"_wpcf7_locale\" value=\"en_GB\" \/>\n<input type=\"hidden\" name=\"_wpcf7_unit_tag\" value=\"wpcf7-f2142-o1\" \/>\n<input type=\"hidden\" name=\"_wpcf7_container_post\" value=\"0\" \/>\n<input type=\"hidden\" name=\"_wpcf7_posted_data_hash\" value=\"\" \/>\n<\/div>\n<p><label> Seu nome <\/label><br \/>\n<span class=\"wpcf7-form-control-wrap\" data-name=\"your-name\"><input size=\"40\" class=\"wpcf7-form-control wpcf7-text wpcf7-validates-as-required\" id=\"name\" aria-required=\"true\" aria-invalid=\"false\" value=\"\" type=\"text\" name=\"your-name\" \/><\/span>\n<\/p>\n<p><label> Seu email<\/label><br \/>\n<span class=\"wpcf7-form-control-wrap\" data-name=\"email\"><input size=\"40\" class=\"wpcf7-form-control wpcf7-email wpcf7-validates-as-required wpcf7-text wpcf7-validates-as-email\" id=\"email\" aria-required=\"true\" aria-invalid=\"false\" value=\"\" type=\"email\" name=\"email\" \/><\/span>\n<\/p>\n<p><label> Qual servi\u00e7o voc\u00ea est\u00e1 interessado? <\/label><br \/>\n<span class=\"wpcf7-form-control-wrap\" data-name=\"services\"><span class=\"wpcf7-form-control wpcf7-checkbox\" id=\"services\"><span class=\"wpcf7-list-item first\"><label><input type=\"checkbox\" name=\"services[]\" value=\"Instagram Private Tour\" \/><span class=\"wpcf7-list-item-label\">Tour Privado Instagram<\/span><\/label><\/span><span class=\"wpcf7-list-item\"><label><input type=\"checkbox\" name=\"services[]\" value=\"Tours\" \/><span class=\"wpcf7-list-item-label\">Tours<\/span><\/label><\/span><span class=\"wpcf7-list-item\"><label><input type=\"checkbox\" name=\"services[]\" value=\"Pick-up (If you&#039;re not in Lisbon)\" \/><span class=\"wpcf7-list-item-label\">Recolha (se n\u00e3o estiver em Lisboa)<\/span><\/label><\/span><span class=\"wpcf7-list-item\"><label><input type=\"checkbox\" name=\"services[]\" value=\"Photoshoot\" \/><span class=\"wpcf7-list-item-label\">Sess\u00e3o Fotogr\u00e1fica<\/span><\/label><\/span><span class=\"wpcf7-list-item last\"><label><input type=\"checkbox\" name=\"services[]\" value=\"Others\" \/><span class=\"wpcf7-list-item-label\">Outras<\/span><\/label><\/span><\/span><\/span>\n<\/p>\n<p><label> Sujeito<\/label><br \/>\n<span class=\"wpcf7-form-control-wrap\" data-name=\"your-subject\"><input size=\"40\" class=\"wpcf7-form-control wpcf7-text wpcf7-validates-as-required\" id=\"subject\" aria-required=\"true\" aria-invalid=\"false\" value=\"\" type=\"text\" name=\"your-subject\" \/><\/span>\n<\/p>\n<p><label> Como podemos ajud\u00e1-lo a obter as melhores f\u00e9rias? <\/label><br \/>\n<span class=\"wpcf7-form-control-wrap\" data-name=\"your-message\"><textarea cols=\"40\" rows=\"10\" class=\"wpcf7-form-control wpcf7-textarea\" id=\"textbox\" aria-invalid=\"false\" name=\"your-message\"><\/textarea><\/span>\n<\/p>\n<p><span class=\"wpcf7-form-control-wrap\" data-name=\"cmplz-acceptance\"><span class=\"wpcf7-form-control wpcf7-acceptance\"><span class=\"wpcf7-list-item\"><label><input type=\"checkbox\" name=\"cmplz-acceptance\" value=\"1\" aria-invalid=\"false\" \/><span class=\"wpcf7-list-item-label\">Para enviar este formul\u00e1rio, voc\u00ea precisa aceitar nosso <a href=\"https:\/\/coolexplorers.com\/pt\/privacy-statement-eu\/?cmplz_region_redirect=true\">Declara\u00e7\u00e3o de privacidade<\/a><\/span><\/label><\/span><\/span><\/span>\n<\/p>\n<p><input class=\"wpcf7-form-control wpcf7-submit has-spinner\" type=\"submit\" value=\"Envie agora\" \/>\n<\/p><div class=\"wpcf7-response-output\" aria-hidden=\"true\"><\/div>\n<input type=\"hidden\" name=\"trp-form-language\" value=\"pt\"\/><\/form>\n<\/div>\n\n\n\n\t\t<\/div>\n\t\t\t\t\t<\/div>\n\n\t\n\n<\/div>\n\n\t\t<\/div>\n\t\t\t\t\n<style>\n#col-677043045 > .col-inner {\n  border-radius: 20px;\n}\n<\/style>\n\t<\/div>\n\n\t\n\n\n<style>\n#row-860684826 > .col > .col-inner {\n  padding: 40px 40px 40px 40px;\n  background-color: rgb(255,255,255);\n}\n<\/style>\n<\/div>\n\n\t\t<\/div>\n\t\t\t\t\n<style>\n#col-1393576076 > .col-inner {\n  margin: -100px 0px 0px 0px;\n}\n<\/style>\n\t<\/div>\n\n\t\n\n<\/div>\n\n\t\t<\/div>\n\n\t\t\n<style>\n#section_796695263 {\n  padding-top: 30px;\n  padding-bottom: 30px;\n  background-color: rgb(244, 244, 244);\n}\n<\/style>\n\t<\/section>","protected":false},"excerpt":{"rendered":"","protected":false},"author":2,"featured_media":2114,"parent":0,"menu_order":0,"comment_status":"closed","ping_status":"closed","template":"page-transparent-header.php","meta":{"footnotes":""},"yoast_head":"<!-- This site is optimized with the Yoast SEO plugin v21.3 - https:\/\/yoast.com\/wordpress\/plugins\/seo\/ -->\n<title>Contact - Cool Explorers Portugal<\/title>\n<meta name=\"description\" content=\"Got any questions? Contact us! We\u2019re here to answer your questions and provide advice when choosing your Private Deluxe Tour.\" \/>\n<meta name=\"robots\" content=\"index, follow, max-snippet:-1, max-image-preview:large, max-video-preview:-1\" \/>\n<link rel=\"canonical\" href=\"https:\/\/coolexplorers.com\/pt\/contact\/\" \/>\n<meta property=\"og:locale\" content=\"pt_PT\" \/>\n<meta property=\"og:type\" content=\"article\" \/>\n<meta property=\"og:title\" content=\"Contact - Cool Explorers Portugal\" \/>\n<meta property=\"og:description\" content=\"Got any questions? Contact us! We\u2019re here to answer your questions and provide advice when choosing your Private Deluxe Tour.\" \/>\n<meta property=\"og:url\" content=\"https:\/\/coolexplorers.com\/pt\/contact\/\" \/>\n<meta property=\"og:site_name\" content=\"Cool Explorers Portugal\" \/>\n<meta property=\"article:modified_time\" content=\"2021-08-30T15:10:34+00:00\" \/>\n<meta property=\"og:image\" content=\"https:\/\/coolexplorers.com\/wp-content\/uploads\/2021\/08\/cropped-cep-logo.png\" \/>\n\t<meta property=\"og:image:width\" content=\"512\" \/>\n\t<meta property=\"og:image:height\" content=\"512\" \/>\n\t<meta property=\"og:image:type\" content=\"image\/png\" \/>\n<meta name=\"twitter:card\" content=\"summary_large_image\" \/>\n<meta name=\"twitter:label1\" content=\"Tempo estimado de leitura\" \/>\n\t<meta name=\"twitter:data1\" content=\"1 minuto\" \/>\n<script type=\"application\/ld+json\" class=\"yoast-schema-graph\">{\"@context\":\"https:\/\/schema.org\",\"@graph\":[{\"@type\":\"WebPage\",\"@id\":\"https:\/\/coolexplorers.com\/contact\/\",\"url\":\"https:\/\/coolexplorers.com\/contact\/\",\"name\":\"Contact - Cool Explorers Portugal\",\"isPartOf\":{\"@id\":\"https:\/\/coolexplorers.com\/pt\/#website\"},\"datePublished\":\"2021-03-19T17:17:41+00:00\",\"dateModified\":\"2021-08-30T15:10:34+00:00\",\"description\":\"Got any questions? Contact us! We\u2019re here to answer your questions and provide advice when choosing your Private Deluxe Tour.\",\"breadcrumb\":{\"@id\":\"https:\/\/coolexplorers.com\/contact\/#breadcrumb\"},\"inLanguage\":\"pt-PT\",\"potentialAction\":[{\"@type\":\"ReadAction\",\"target\":[\"https:\/\/coolexplorers.com\/contact\/\"]}]},{\"@type\":\"BreadcrumbList\",\"@id\":\"https:\/\/coolexplorers.com\/contact\/#breadcrumb\",\"itemListElement\":[{\"@type\":\"ListItem\",\"position\":1,\"name\":\"Home\",\"item\":\"https:\/\/coolexplorers.com\/\"},{\"@type\":\"ListItem\",\"position\":2,\"name\":\"Contact\"}]},{\"@type\":\"WebSite\",\"@id\":\"https:\/\/coolexplorers.com\/pt\/#website\",\"url\":\"https:\/\/coolexplorers.com\/pt\/\",\"name\":\"Cool Explorers Portugal\",\"description\":\"Welcome to Portugal\u2019s #1 Tour Company\",\"publisher\":{\"@id\":\"https:\/\/coolexplorers.com\/pt\/#\/schema\/person\/539db40168aa4cadff4e057d280f1519\"},\"potentialAction\":[{\"@type\":\"SearchAction\",\"target\":{\"@type\":\"EntryPoint\",\"urlTemplate\":\"https:\/\/coolexplorers.com\/pt\/?s={search_term_string}\"},\"query-input\":\"required name=search_term_string\"}],\"inLanguage\":\"pt-PT\"},{\"@type\":[\"Person\",\"Organization\"],\"@id\":\"https:\/\/coolexplorers.com\/pt\/#\/schema\/person\/539db40168aa4cadff4e057d280f1519\",\"name\":\"coolexplorers\",\"image\":{\"@type\":\"ImageObject\",\"inLanguage\":\"pt-PT\",\"@id\":\"https:\/\/coolexplorers.com\/pt\/#\/schema\/person\/image\/\",\"url\":\"https:\/\/coolexplorers.com\/wp-content\/uploads\/2021\/03\/cropped-Endless-Tours-Official-Logo-Smaller-Size-e1615812658859.png\",\"contentUrl\":\"https:\/\/coolexplorers.com\/wp-content\/uploads\/2021\/03\/cropped-Endless-Tours-Official-Logo-Smaller-Size-e1615812658859.png\",\"width\":512,\"height\":512,\"caption\":\"coolexplorers\"},\"logo\":{\"@id\":\"https:\/\/coolexplorers.com\/pt\/#\/schema\/person\/image\/\"},\"sameAs\":[\"https:\/\/coolexplorers.com\"]}]}<\/script>\n<!-- \/ Yoast SEO plugin. -->","yoast_head_json":{"title":"Contact - Cool Explorers Portugal","description":"Got any questions? Contact us! We\u2019re here to answer your questions and provide advice when choosing your Private Deluxe Tour.","robots":{"index":"index","follow":"follow","max-snippet":"max-snippet:-1","max-image-preview":"max-image-preview:large","max-video-preview":"max-video-preview:-1"},"canonical":"https:\/\/coolexplorers.com\/pt\/contact\/","og_locale":"pt_PT","og_type":"article","og_title":"Contact - Cool Explorers Portugal","og_description":"Got any questions? Contact us! We\u2019re here to answer your questions and provide advice when choosing your Private Deluxe Tour.","og_url":"https:\/\/coolexplorers.com\/pt\/contact\/","og_site_name":"Cool Explorers Portugal","article_modified_time":"2021-08-30T15:10:34+00:00","og_image":[{"width":512,"height":512,"url":"https:\/\/coolexplorers.com\/wp-content\/uploads\/2021\/08\/cropped-cep-logo.png","type":"image\/png"}],"twitter_card":"summary_large_image","twitter_misc":{"Tempo estimado de leitura":"1 minuto"},"schema":{"@context":"https:\/\/schema.org","@graph":[{"@type":"WebPage","@id":"https:\/\/coolexplorers.com\/contact\/","url":"https:\/\/coolexplorers.com\/contact\/","name":"Contact - Cool Explorers Portugal","isPartOf":{"@id":"https:\/\/coolexplorers.com\/pt\/#website"},"datePublished":"2021-03-19T17:17:41+00:00","dateModified":"2021-08-30T15:10:34+00:00","description":"Got any questions? Contact us! We\u2019re here to answer your questions and provide advice when choosing your Private Deluxe Tour.","breadcrumb":{"@id":"https:\/\/coolexplorers.com\/contact\/#breadcrumb"},"inLanguage":"pt-PT","potentialAction":[{"@type":"ReadAction","target":["https:\/\/coolexplorers.com\/contact\/"]}]},{"@type":"BreadcrumbList","@id":"https:\/\/coolexplorers.com\/contact\/#breadcrumb","itemListElement":[{"@type":"ListItem","position":1,"name":"Home","item":"https:\/\/coolexplorers.com\/"},{"@type":"ListItem","position":2,"name":"Contact"}]},{"@type":"WebSite","@id":"https:\/\/coolexplorers.com\/pt\/#website","url":"https:\/\/coolexplorers.com\/pt\/","name":"Cool Explorers Portugal","description":"Welcome to Portugal\u2019s #1 Tour Company","publisher":{"@id":"https:\/\/coolexplorers.com\/pt\/#\/schema\/person\/539db40168aa4cadff4e057d280f1519"},"potentialAction":[{"@type":"SearchAction","target":{"@type":"EntryPoint","urlTemplate":"https:\/\/coolexplorers.com\/pt\/?s={search_term_string}"},"query-input":"required name=search_term_string"}],"inLanguage":"pt-PT"},{"@type":["Person","Organization"],"@id":"https:\/\/coolexplorers.com\/pt\/#\/schema\/person\/539db40168aa4cadff4e057d280f1519","name":"coolexplorers","image":{"@type":"ImageObject","inLanguage":"pt-PT","@id":"https:\/\/coolexplorers.com\/pt\/#\/schema\/person\/image\/","url":"https:\/\/coolexplorers.com\/wp-content\/uploads\/2021\/03\/cropped-Endless-Tours-Official-Logo-Smaller-Size-e1615812658859.png","contentUrl":"https:\/\/coolexplorers.com\/wp-content\/uploads\/2021\/03\/cropped-Endless-Tours-Official-Logo-Smaller-Size-e1615812658859.png","width":512,"height":512,"caption":"coolexplorers"},"logo":{"@id":"https:\/\/coolexplorers.com\/pt\/#\/schema\/person\/image\/"},"sameAs":["https:\/\/coolexplorers.com"]}]}},"_links":{"self":[{"href":"https:\/\/coolexplorers.com\/pt\/wp-json\/wp\/v2\/pages\/331"}],"collection":[{"href":"https:\/\/coolexplorers.com\/pt\/wp-json\/wp\/v2\/pages"}],"about":[{"href":"https:\/\/coolexplorers.com\/pt\/wp-json\/wp\/v2\/types\/page"}],"author":[{"embeddable":true,"href":"https:\/\/coolexplorers.com\/pt\/wp-json\/wp\/v2\/users\/2"}],"replies":[{"embeddable":true,"href":"https:\/\/coolexplorers.com\/pt\/wp-json\/wp\/v2\/comments?post=331"}],"version-history":[{"count":9,"href":"https:\/\/coolexplorers.com\/pt\/wp-json\/wp\/v2\/pages\/331\/revisions"}],"predecessor-version":[{"id":2250,"href":"https:\/\/coolexplorers.com\/pt\/wp-json\/wp\/v2\/pages\/331\/revisions\/2250"}],"wp:featuredmedia":[{"embeddable":true,"href":"https:\/\/coolexplorers.com\/pt\/wp-json\/wp\/v2\/media\/2114"}],"wp:attachment":[{"href":"https:\/\/coolexplorers.com\/pt\/wp-json\/wp\/v2\/media?parent=331"}],"curies":[{"name":"wp","href":"https:\/\/api.w.org\/{rel}","templated":true}]}}