{"id":2292,"date":"2021-09-01T17:08:58","date_gmt":"2021-09-01T17:08:58","guid":{"rendered":"https:\/\/coolexplorers.com\/?page_id=2292"},"modified":"2021-10-10T11:21:02","modified_gmt":"2021-10-10T11:21:02","slug":"articles","status":"publish","type":"page","link":"https:\/\/coolexplorers.com\/pt\/articles\/","title":{"rendered":"artigos de viagem"},"content":{"rendered":"<section class=\"section\" id=\"section_1014330864\">\n\t\t<div class=\"bg section-bg fill bg-fill\" >\n\n\t\t\t\n\t\t\t<div class=\"section-bg-overlay absolute fill\"><\/div>\n\t\t\t\n\n\t\t<\/div>\n\n\t\t\n\n\t\t<div class=\"section-content relative\">\n\t\t\t\n\n\n\t\t<\/div>\n\n\t\t\n<style>\n#section_1014330864 {\n  padding-top: 70px;\n  padding-bottom: 70px;\n  min-height: 0px;\n  background-color: rgb(0,0,0);\n}\n#section_1014330864 .section-bg-overlay {\n  background-color: rgba(0, 0, 0, 0.43);\n}\n#section_1014330864 .section-bg.bg-loaded {\n  background-image: url(https:\/\/coolexplorers.com\/wp-content\/uploads\/2021\/05\/Sintra-8.jpg);\n}\n<\/style>\n\t<\/section>\n\t\n\t<section class=\"section\" id=\"section_14878435\">\n\t\t<div class=\"bg section-bg fill bg-fill  bg-loaded\" >\n\n\t\t\t\n\t\t\t\n\t\t\t\n\n\t\t<\/div>\n\n\t\t\n\n\t\t<div class=\"section-content relative\">\n\t\t\t\n\n<div class=\"row\"  id=\"row-1620078954\">\n\n\n\t<div id=\"col-1665210443\" class=\"col medium-3 small-6 large-3\"  >\n\t\t\t\t<div class=\"col-inner\"  >\n\t\t\t\n\t\t\t\n\n\n\t\t<div class=\"icon-box featured-box icon-box-center text-center is-small\"  >\n\t\t\t\t\t<div class=\"icon-box-img\" style=\"width: 80px\">\n\t\t\t\t<div class=\"icon\">\n\t\t\t\t\t<div class=\"icon-inner\" >\n\t\t\t\t\t\t<img width=\"300\" height=\"300\" src=\"https:\/\/coolexplorers.com\/wp-content\/uploads\/2021\/09\/dinner-fancy-300x300.png\" class=\"attachment-medium size-medium\" alt=\"\" decoding=\"async\" srcset=\"https:\/\/coolexplorers.com\/wp-content\/uploads\/2021\/09\/dinner-fancy-300x300.png 300w, https:\/\/coolexplorers.com\/wp-content\/uploads\/2021\/09\/dinner-fancy-150x150.png 150w, https:\/\/coolexplorers.com\/wp-content\/uploads\/2021\/09\/dinner-fancy-85x85.png 85w, https:\/\/coolexplorers.com\/wp-content\/uploads\/2021\/09\/dinner-fancy-100x100.png 100w, https:\/\/coolexplorers.com\/wp-content\/uploads\/2021\/09\/dinner-fancy.png 512w\" sizes=\"(max-width: 300px) 100vw, 300px\" \/>\t\t\t\t\t<\/div>\n\t\t\t\t<\/div>\n\t\t\t<\/div>\n\t\t\t\t<div class=\"icon-box-text last-reset\">\n\t\t\t\t\t\t\t\t\t\n\n<h2>COMER E BEBER<\/h2>\n\n\t\t<\/div>\n\t<\/div>\n\t\n\t\n\n\t\t<\/div>\n\t\t\t\t\t<\/div>\n\n\t\n\n\t<div id=\"col-543928730\" class=\"col medium-3 small-6 large-3\"  >\n\t\t\t\t<div class=\"col-inner\"  >\n\t\t\t\n\t\t\t\n\n\n\t\t<div class=\"icon-box featured-box icon-box-center text-center is-small\"  >\n\t\t\t\t\t<div class=\"icon-box-img\" style=\"width: 80px\">\n\t\t\t\t<div class=\"icon\">\n\t\t\t\t\t<div class=\"icon-inner\" >\n\t\t\t\t\t\t<img width=\"300\" height=\"300\" src=\"https:\/\/coolexplorers.com\/wp-content\/uploads\/2021\/09\/belem-tower-300x300.png\" class=\"attachment-medium size-medium\" alt=\"\" decoding=\"async\" srcset=\"https:\/\/coolexplorers.com\/wp-content\/uploads\/2021\/09\/belem-tower-300x300.png 300w, https:\/\/coolexplorers.com\/wp-content\/uploads\/2021\/09\/belem-tower-150x150.png 150w, https:\/\/coolexplorers.com\/wp-content\/uploads\/2021\/09\/belem-tower-85x85.png 85w, https:\/\/coolexplorers.com\/wp-content\/uploads\/2021\/09\/belem-tower-100x100.png 100w, https:\/\/coolexplorers.com\/wp-content\/uploads\/2021\/09\/belem-tower.png 512w\" sizes=\"(max-width: 300px) 100vw, 300px\" \/>\t\t\t\t\t<\/div>\n\t\t\t\t<\/div>\n\t\t\t<\/div>\n\t\t\t\t<div class=\"icon-box-text last-reset\">\n\t\t\t\t\t\t\t\t\t\n\n<h2>EXPLORE A HIST\u00d3RIA<\/h2>\n\n\t\t<\/div>\n\t<\/div>\n\t\n\t\n\n\t\t<\/div>\n\t\t\t\t\t<\/div>\n\n\t\n\n\t<div id=\"col-12624824\" class=\"col medium-3 small-6 large-3\"  >\n\t\t\t\t<div class=\"col-inner\"  >\n\t\t\t\n\t\t\t\n\n\n\t\t<div class=\"icon-box featured-box icon-box-center text-center is-small\"  >\n\t\t\t\t\t<div class=\"icon-box-img\" style=\"width: 80px\">\n\t\t\t\t<div class=\"icon\">\n\t\t\t\t\t<div class=\"icon-inner\" >\n\t\t\t\t\t\t<img width=\"300\" height=\"300\" src=\"https:\/\/coolexplorers.com\/wp-content\/uploads\/2021\/09\/fir-300x300.png\" class=\"attachment-medium size-medium\" alt=\"\" decoding=\"async\" srcset=\"https:\/\/coolexplorers.com\/wp-content\/uploads\/2021\/09\/fir-300x300.png 300w, https:\/\/coolexplorers.com\/wp-content\/uploads\/2021\/09\/fir-150x150.png 150w, https:\/\/coolexplorers.com\/wp-content\/uploads\/2021\/09\/fir-85x85.png 85w, https:\/\/coolexplorers.com\/wp-content\/uploads\/2021\/09\/fir-100x100.png 100w, https:\/\/coolexplorers.com\/wp-content\/uploads\/2021\/09\/fir.png 512w\" sizes=\"(max-width: 300px) 100vw, 300px\" \/>\t\t\t\t\t<\/div>\n\t\t\t\t<\/div>\n\t\t\t<\/div>\n\t\t\t\t<div class=\"icon-box-text last-reset\">\n\t\t\t\t\t\t\t\t\t\n\n<h2>SINTA A NATUREZA<\/h2>\n\n\t\t<\/div>\n\t<\/div>\n\t\n\t\n\n\t\t<\/div>\n\t\t\t\t\t<\/div>\n\n\t\n\n\t<div id=\"col-890525881\" class=\"col medium-3 small-6 large-3\"  >\n\t\t\t\t<div class=\"col-inner\"  >\n\t\t\t\n\t\t\t\n\n\n\t\t<div class=\"icon-box featured-box icon-box-center text-center is-small\"  >\n\t\t\t\t\t<div class=\"icon-box-img\" style=\"width: 80px\">\n\t\t\t\t<div class=\"icon\">\n\t\t\t\t\t<div class=\"icon-inner\" >\n\t\t\t\t\t\t<img width=\"300\" height=\"300\" src=\"https:\/\/coolexplorers.com\/wp-content\/uploads\/2021\/09\/sunbathing-300x300.png\" class=\"attachment-medium size-medium\" alt=\"\" decoding=\"async\" srcset=\"https:\/\/coolexplorers.com\/wp-content\/uploads\/2021\/09\/sunbathing-300x300.png 300w, https:\/\/coolexplorers.com\/wp-content\/uploads\/2021\/09\/sunbathing-150x150.png 150w, https:\/\/coolexplorers.com\/wp-content\/uploads\/2021\/09\/sunbathing-85x85.png 85w, https:\/\/coolexplorers.com\/wp-content\/uploads\/2021\/09\/sunbathing-100x100.png 100w, https:\/\/coolexplorers.com\/wp-content\/uploads\/2021\/09\/sunbathing.png 512w\" sizes=\"(max-width: 300px) 100vw, 300px\" \/>\t\t\t\t\t<\/div>\n\t\t\t\t<\/div>\n\t\t\t<\/div>\n\t\t\t\t<div class=\"icon-box-text last-reset\">\n\t\t\t\t\t\t\t\t\t\n\n<h2>PROCURE A BELEZA<\/h2>\n\n\t\t<\/div>\n\t<\/div>\n\t\n\t\n\n\t\t<\/div>\n\t\t\t\t\t<\/div>\n\n\t\n\n<\/div>\n\n\t\t<\/div>\n\n\t\t\n<style>\n#section_14878435 {\n  padding-top: 50px;\n  padding-bottom: 50px;\n  margin-bottom: -75px;\n  background-color: rgb(244, 244, 244);\n}\n@media (min-width:550px) {\n  #section_14878435 {\n    padding-top: 60px;\n    padding-bottom: 60px;\n  }\n}\n<\/style>\n\t<\/section>\n\t\n\t<section class=\"section info-card-1\" id=\"section_1787564719\">\n\t\t<div class=\"bg section-bg fill bg-fill  bg-loaded\" >\n\n\t\t\t\n\t\t\t\n\t\t\t\n\n\t\t<\/div>\n\n\t\t\n\n\t\t<div class=\"section-content relative\">\n\t\t\t\n\n<div class=\"row\"  id=\"row-1567848073\">\n\n\n\t<div id=\"col-811268517\" class=\"col small-12 large-12\"  >\n\t\t\t\t<div class=\"col-inner text-center\"  >\n\t\t\t\n\t\t\t\n\n<h2>Artigos<\/h2>\n\t<div id=\"text-3124454104\" class=\"text\">\n\t\t\n\n<h1>Descubra portugal<\/h1>\n\t\t\n<style>\n#text-3124454104 {\n  font-size: 1.6rem;\n}\n<\/style>\n\t<\/div>\n\t\n\n\t\t<\/div>\n\t\t\t\t\n<style>\n#col-811268517 > .col-inner {\n  margin: 0px 0px -10px 0px;\n}\n<\/style>\n\t<\/div>\n\n\t\n\n<\/div>\n<div class=\"row\"  id=\"row-1648396074\">\n\n\n\t<div id=\"col-524741303\" class=\"col medium-6 small-12 large-6\"  >\n\t\t\t\t<div class=\"col-inner\"  >\n\t\t\t\n\t\t\t\n\n\t<div class=\"box has-hover   has-hover box-push box-text-bottom\" >\n\n\t\t<div class=\"box-image\" >\n\t\t\t<a href=\"https:\/\/coolexplorers.com\/pt\/endless-tours-portugal-promove-passeios-com-a-adrenalina-de-um-defender\/\" >\t\t\t<div class=\"image-cover\" style=\"padding-top:70%;\">\n\t\t\t\t<img width=\"1366\" height=\"2049\" src=\"https:\/\/coolexplorers.com\/wp-content\/uploads\/2021\/05\/Instagram-tour1.jpg\" class=\"attachment-original size-original\" alt=\"\" decoding=\"async\" srcset=\"https:\/\/coolexplorers.com\/wp-content\/uploads\/2021\/05\/Instagram-tour1.jpg 1366w, https:\/\/coolexplorers.com\/wp-content\/uploads\/2021\/05\/Instagram-tour1-200x300.jpg 200w, https:\/\/coolexplorers.com\/wp-content\/uploads\/2021\/05\/Instagram-tour1-683x1024.jpg 683w, https:\/\/coolexplorers.com\/wp-content\/uploads\/2021\/05\/Instagram-tour1-768x1152.jpg 768w, https:\/\/coolexplorers.com\/wp-content\/uploads\/2021\/05\/Instagram-tour1-1024x1536.jpg 1024w, https:\/\/coolexplorers.com\/wp-content\/uploads\/2021\/05\/Instagram-tour1-8x12.jpg 8w, https:\/\/coolexplorers.com\/wp-content\/uploads\/2021\/05\/Instagram-tour1-100x150.jpg 100w, https:\/\/coolexplorers.com\/wp-content\/uploads\/2021\/05\/Instagram-tour1-600x900.jpg 600w\" sizes=\"(max-width: 1366px) 100vw, 1366px\" \/>\t\t\t\t\t\t\t\t\t\t\t<\/div>\n\t\t\t<\/a>\t\t<\/div>\n\n\t\t<div class=\"box-text text-center\" style=\"background-color:rgb(255, 255, 255);padding:20px 5% 20px 5%;\">\n\t\t\t<div class=\"box-text-inner\">\n\t\t\t\t\n\n<h2>Promove Passeios Com A Adrenalina de Um Defender<\/h2>\n<p>&nbsp;<\/p>\n<p>Cool Explorers Portugal \u00e9 um novo projeto de anima\u00e7\u00e3o tur\u00edstica criado em plena pandemia e que resulta num sonho tornado realidade.<\/p>\n<a href=\"https:\/\/coolexplorers.com\/pt\/endless-tours-portugal-promove-passeios-com-a-adrenalina-de-um-defender\/\" target=\"_self\" class=\"button primary is-underline\"  >\n    <span>consulte Mais informa\u00e7\u00e3o<\/span>\n  <\/a>\n\n\n\n\t\t\t<\/div>\n\t\t<\/div>\n\t<\/div>\n\t\n\n\t\t<\/div>\n\t\t\t\t\t<\/div>\n\n\t\n\n\t<div id=\"col-1141872617\" class=\"col medium-6 small-12 large-6\"  >\n\t\t\t\t<div class=\"col-inner\"  >\n\t\t\t\n\t\t\t\n\n\t<div class=\"box has-hover   has-hover box-push box-text-bottom\" >\n\n\t\t<div class=\"box-image\" >\n\t\t\t<a href=\"https:\/\/coolexplorers.com\/pt\/cool-explorers-portugal-aqui-as-viagens-sao-feitas-num-land-rover\/\" >\t\t\t<div class=\"image-cover\" style=\"padding-top:70%;\">\n\t\t\t\t<img width=\"1366\" height=\"911\" src=\"https:\/\/coolexplorers.com\/wp-content\/uploads\/2021\/05\/Instagram-tour5.jpg\" class=\"attachment-original size-original\" alt=\"\" decoding=\"async\" srcset=\"https:\/\/coolexplorers.com\/wp-content\/uploads\/2021\/05\/Instagram-tour5.jpg 1366w, https:\/\/coolexplorers.com\/wp-content\/uploads\/2021\/05\/Instagram-tour5-300x200.jpg 300w, https:\/\/coolexplorers.com\/wp-content\/uploads\/2021\/05\/Instagram-tour5-1024x683.jpg 1024w, https:\/\/coolexplorers.com\/wp-content\/uploads\/2021\/05\/Instagram-tour5-768x512.jpg 768w, https:\/\/coolexplorers.com\/wp-content\/uploads\/2021\/05\/Instagram-tour5-16x12.jpg 16w, https:\/\/coolexplorers.com\/wp-content\/uploads\/2021\/05\/Instagram-tour5-460x307.jpg 460w, https:\/\/coolexplorers.com\/wp-content\/uploads\/2021\/05\/Instagram-tour5-600x400.jpg 600w\" sizes=\"(max-width: 1366px) 100vw, 1366px\" \/>\t\t\t\t\t\t\t\t\t\t\t<\/div>\n\t\t\t<\/a>\t\t<\/div>\n\n\t\t<div class=\"box-text text-center\" style=\"background-color:rgb(255, 255, 255);padding:20px 5% 20px 5%;\">\n\t\t\t<div class=\"box-text-inner\">\n\t\t\t\t\n\n<h2>Aqui as viagens s\u00e3o feitas num Land Rover Defender<\/h2>\n<p>&nbsp;<\/p>\n<p>H\u00e1 op\u00e7\u00f5es para os f\u00e3s de surf, para quem quiser andar um cavalo perla Comporta e at\u00e9 para quem quer ter o Instagram mais apelativo.<\/p>\n<a href=\"https:\/\/coolexplorers.com\/pt\/cool-explorers-portugal-aqui-as-viagens-sao-feitas-num-land-rover\/\" target=\"_self\" class=\"button primary is-underline\"  >\n    <span>consulte Mais informa\u00e7\u00e3o<\/span>\n  <\/a>\n\n\n\n\t\t\t<\/div>\n\t\t<\/div>\n\t<\/div>\n\t\n\n\t\t<\/div>\n\t\t\t\t\t<\/div>\n\n\t\n\n<\/div>\n\n\t\t<\/div>\n\n\t\t\n<style>\n#section_1787564719 {\n  padding-top: 50px;\n  padding-bottom: 50px;\n  background-color: rgb(244, 244, 244);\n}\n<\/style>\n\t<\/section>","protected":false},"excerpt":{"rendered":"","protected":false},"author":2,"featured_media":2114,"parent":0,"menu_order":0,"comment_status":"closed","ping_status":"closed","template":"page-transparent-header.php","meta":{"footnotes":""},"yoast_head":"<!-- This site is optimized with the Yoast SEO plugin v21.3 - https:\/\/yoast.com\/wordpress\/plugins\/seo\/ -->\n<title>Travel Articles - Cool Explorers Portugal<\/title>\n<meta name=\"description\" content=\"Make your vacations unforgettable! Explore our Articles to see the best Portuguese travel tips, cool places to discover and expert advice\" \/>\n<meta name=\"robots\" content=\"index, follow, max-snippet:-1, max-image-preview:large, max-video-preview:-1\" \/>\n<link rel=\"canonical\" href=\"https:\/\/coolexplorers.com\/pt\/articles\/\" \/>\n<meta property=\"og:locale\" content=\"pt_PT\" \/>\n<meta property=\"og:type\" content=\"article\" \/>\n<meta property=\"og:title\" content=\"Travel Articles - Cool Explorers Portugal\" \/>\n<meta property=\"og:description\" content=\"Make your vacations unforgettable! Explore our Articles to see the best Portuguese travel tips, cool places to discover and expert advice\" \/>\n<meta property=\"og:url\" content=\"https:\/\/coolexplorers.com\/pt\/articles\/\" \/>\n<meta property=\"og:site_name\" content=\"Cool Explorers Portugal\" \/>\n<meta property=\"article:modified_time\" content=\"2021-10-10T11:21:02+00:00\" \/>\n<meta property=\"og:image\" content=\"https:\/\/coolexplorers.com\/wp-content\/uploads\/2021\/08\/cropped-cep-logo.png\" \/>\n\t<meta property=\"og:image:width\" content=\"512\" \/>\n\t<meta property=\"og:image:height\" content=\"512\" \/>\n\t<meta property=\"og:image:type\" content=\"image\/png\" \/>\n<meta name=\"twitter:card\" content=\"summary_large_image\" \/>\n<meta name=\"twitter:label1\" content=\"Tempo estimado de leitura\" \/>\n\t<meta name=\"twitter:data1\" content=\"1 minuto\" \/>\n<script type=\"application\/ld+json\" class=\"yoast-schema-graph\">{\"@context\":\"https:\/\/schema.org\",\"@graph\":[{\"@type\":\"WebPage\",\"@id\":\"https:\/\/coolexplorers.com\/articles\/\",\"url\":\"https:\/\/coolexplorers.com\/articles\/\",\"name\":\"Travel Articles - Cool Explorers Portugal\",\"isPartOf\":{\"@id\":\"https:\/\/coolexplorers.com\/pt\/#website\"},\"datePublished\":\"2021-09-01T17:08:58+00:00\",\"dateModified\":\"2021-10-10T11:21:02+00:00\",\"description\":\"Make your vacations unforgettable! Explore our Articles to see the best Portuguese travel tips, cool places to discover and expert advice\",\"breadcrumb\":{\"@id\":\"https:\/\/coolexplorers.com\/articles\/#breadcrumb\"},\"inLanguage\":\"pt-PT\",\"potentialAction\":[{\"@type\":\"ReadAction\",\"target\":[\"https:\/\/coolexplorers.com\/articles\/\"]}]},{\"@type\":\"BreadcrumbList\",\"@id\":\"https:\/\/coolexplorers.com\/articles\/#breadcrumb\",\"itemListElement\":[{\"@type\":\"ListItem\",\"position\":1,\"name\":\"Home\",\"item\":\"https:\/\/coolexplorers.com\/\"},{\"@type\":\"ListItem\",\"position\":2,\"name\":\"Travel Articles\"}]},{\"@type\":\"WebSite\",\"@id\":\"https:\/\/coolexplorers.com\/pt\/#website\",\"url\":\"https:\/\/coolexplorers.com\/pt\/\",\"name\":\"Cool Explorers Portugal\",\"description\":\"Welcome to Portugal\u2019s #1 Tour Company\",\"publisher\":{\"@id\":\"https:\/\/coolexplorers.com\/pt\/#\/schema\/person\/539db40168aa4cadff4e057d280f1519\"},\"potentialAction\":[{\"@type\":\"SearchAction\",\"target\":{\"@type\":\"EntryPoint\",\"urlTemplate\":\"https:\/\/coolexplorers.com\/pt\/?s={search_term_string}\"},\"query-input\":\"required name=search_term_string\"}],\"inLanguage\":\"pt-PT\"},{\"@type\":[\"Person\",\"Organization\"],\"@id\":\"https:\/\/coolexplorers.com\/pt\/#\/schema\/person\/539db40168aa4cadff4e057d280f1519\",\"name\":\"coolexplorers\",\"image\":{\"@type\":\"ImageObject\",\"inLanguage\":\"pt-PT\",\"@id\":\"https:\/\/coolexplorers.com\/pt\/#\/schema\/person\/image\/\",\"url\":\"https:\/\/coolexplorers.com\/wp-content\/uploads\/2021\/03\/cropped-Endless-Tours-Official-Logo-Smaller-Size-e1615812658859.png\",\"contentUrl\":\"https:\/\/coolexplorers.com\/wp-content\/uploads\/2021\/03\/cropped-Endless-Tours-Official-Logo-Smaller-Size-e1615812658859.png\",\"width\":512,\"height\":512,\"caption\":\"coolexplorers\"},\"logo\":{\"@id\":\"https:\/\/coolexplorers.com\/pt\/#\/schema\/person\/image\/\"},\"sameAs\":[\"https:\/\/coolexplorers.com\"]}]}<\/script>\n<!-- \/ Yoast SEO plugin. -->","yoast_head_json":{"title":"Travel Articles - Cool Explorers Portugal","description":"Make your vacations unforgettable! Explore our Articles to see the best Portuguese travel tips, cool places to discover and expert advice","robots":{"index":"index","follow":"follow","max-snippet":"max-snippet:-1","max-image-preview":"max-image-preview:large","max-video-preview":"max-video-preview:-1"},"canonical":"https:\/\/coolexplorers.com\/pt\/articles\/","og_locale":"pt_PT","og_type":"article","og_title":"Travel Articles - Cool Explorers Portugal","og_description":"Make your vacations unforgettable! Explore our Articles to see the best Portuguese travel tips, cool places to discover and expert advice","og_url":"https:\/\/coolexplorers.com\/pt\/articles\/","og_site_name":"Cool Explorers Portugal","article_modified_time":"2021-10-10T11:21:02+00:00","og_image":[{"width":512,"height":512,"url":"https:\/\/coolexplorers.com\/wp-content\/uploads\/2021\/08\/cropped-cep-logo.png","type":"image\/png"}],"twitter_card":"summary_large_image","twitter_misc":{"Tempo estimado de leitura":"1 minuto"},"schema":{"@context":"https:\/\/schema.org","@graph":[{"@type":"WebPage","@id":"https:\/\/coolexplorers.com\/articles\/","url":"https:\/\/coolexplorers.com\/articles\/","name":"Travel Articles - Cool Explorers Portugal","isPartOf":{"@id":"https:\/\/coolexplorers.com\/pt\/#website"},"datePublished":"2021-09-01T17:08:58+00:00","dateModified":"2021-10-10T11:21:02+00:00","description":"Make your vacations unforgettable! Explore our Articles to see the best Portuguese travel tips, cool places to discover and expert advice","breadcrumb":{"@id":"https:\/\/coolexplorers.com\/articles\/#breadcrumb"},"inLanguage":"pt-PT","potentialAction":[{"@type":"ReadAction","target":["https:\/\/coolexplorers.com\/articles\/"]}]},{"@type":"BreadcrumbList","@id":"https:\/\/coolexplorers.com\/articles\/#breadcrumb","itemListElement":[{"@type":"ListItem","position":1,"name":"Home","item":"https:\/\/coolexplorers.com\/"},{"@type":"ListItem","position":2,"name":"Travel Articles"}]},{"@type":"WebSite","@id":"https:\/\/coolexplorers.com\/pt\/#website","url":"https:\/\/coolexplorers.com\/pt\/","name":"Cool Explorers Portugal","description":"Welcome to Portugal\u2019s #1 Tour Company","publisher":{"@id":"https:\/\/coolexplorers.com\/pt\/#\/schema\/person\/539db40168aa4cadff4e057d280f1519"},"potentialAction":[{"@type":"SearchAction","target":{"@type":"EntryPoint","urlTemplate":"https:\/\/coolexplorers.com\/pt\/?s={search_term_string}"},"query-input":"required name=search_term_string"}],"inLanguage":"pt-PT"},{"@type":["Person","Organization"],"@id":"https:\/\/coolexplorers.com\/pt\/#\/schema\/person\/539db40168aa4cadff4e057d280f1519","name":"coolexplorers","image":{"@type":"ImageObject","inLanguage":"pt-PT","@id":"https:\/\/coolexplorers.com\/pt\/#\/schema\/person\/image\/","url":"https:\/\/coolexplorers.com\/wp-content\/uploads\/2021\/03\/cropped-Endless-Tours-Official-Logo-Smaller-Size-e1615812658859.png","contentUrl":"https:\/\/coolexplorers.com\/wp-content\/uploads\/2021\/03\/cropped-Endless-Tours-Official-Logo-Smaller-Size-e1615812658859.png","width":512,"height":512,"caption":"coolexplorers"},"logo":{"@id":"https:\/\/coolexplorers.com\/pt\/#\/schema\/person\/image\/"},"sameAs":["https:\/\/coolexplorers.com"]}]}},"_links":{"self":[{"href":"https:\/\/coolexplorers.com\/pt\/wp-json\/wp\/v2\/pages\/2292"}],"collection":[{"href":"https:\/\/coolexplorers.com\/pt\/wp-json\/wp\/v2\/pages"}],"about":[{"href":"https:\/\/coolexplorers.com\/pt\/wp-json\/wp\/v2\/types\/page"}],"author":[{"embeddable":true,"href":"https:\/\/coolexplorers.com\/pt\/wp-json\/wp\/v2\/users\/2"}],"replies":[{"embeddable":true,"href":"https:\/\/coolexplorers.com\/pt\/wp-json\/wp\/v2\/comments?post=2292"}],"version-history":[{"count":18,"href":"https:\/\/coolexplorers.com\/pt\/wp-json\/wp\/v2\/pages\/2292\/revisions"}],"predecessor-version":[{"id":2416,"href":"https:\/\/coolexplorers.com\/pt\/wp-json\/wp\/v2\/pages\/2292\/revisions\/2416"}],"wp:featuredmedia":[{"embeddable":true,"href":"https:\/\/coolexplorers.com\/pt\/wp-json\/wp\/v2\/media\/2114"}],"wp:attachment":[{"href":"https:\/\/coolexplorers.com\/pt\/wp-json\/wp\/v2\/media?parent=2292"}],"curies":[{"name":"wp","href":"https:\/\/api.w.org\/{rel}","templated":true}]}}